{"id":1333,"date":"2021-08-02T14:24:47","date_gmt":"2021-08-02T12:24:47","guid":{"rendered":"https:\/\/zahnarzt-berghammer.de\/?page_id=1333"},"modified":"2024-10-24T17:16:58","modified_gmt":"2024-10-24T15:16:58","slug":"imprint","status":"publish","type":"page","link":"https:\/\/zahnarzt-berghammer.de\/en\/imprint\/","title":{"rendered":"Imprint"},"content":{"rendered":"\t\t<div data-elementor-type=\"wp-page\" data-elementor-id=\"1333\" class=\"elementor elementor-1333\" data-elementor-settings=\"{&quot;element_pack_global_tooltip_width&quot;:{&quot;unit&quot;:&quot;px&quot;,&quot;size&quot;:&quot;&quot;,&quot;sizes&quot;:[]},&quot;element_pack_global_tooltip_width_tablet&quot;:{&quot;unit&quot;:&quot;px&quot;,&quot;size&quot;:&quot;&quot;,&quot;sizes&quot;:[]},&quot;element_pack_global_tooltip_width_mobile&quot;:{&quot;unit&quot;:&quot;px&quot;,&quot;size&quot;:&quot;&quot;,&quot;sizes&quot;:[]},&quot;element_pack_global_tooltip_padding&quot;:{&quot;unit&quot;:&quot;px&quot;,&quot;top&quot;:&quot;&quot;,&quot;right&quot;:&quot;&quot;,&quot;bottom&quot;:&quot;&quot;,&quot;left&quot;:&quot;&quot;,&quot;isLinked&quot;:true},&quot;element_pack_global_tooltip_padding_tablet&quot;:{&quot;unit&quot;:&quot;px&quot;,&quot;top&quot;:&quot;&quot;,&quot;right&quot;:&quot;&quot;,&quot;bottom&quot;:&quot;&quot;,&quot;left&quot;:&quot;&quot;,&quot;isLinked&quot;:true},&quot;element_pack_global_tooltip_padding_mobile&quot;:{&quot;unit&quot;:&quot;px&quot;,&quot;top&quot;:&quot;&quot;,&quot;right&quot;:&quot;&quot;,&quot;bottom&quot;:&quot;&quot;,&quot;left&quot;:&quot;&quot;,&quot;isLinked&quot;:true},&quot;element_pack_global_tooltip_border_radius&quot;:{&quot;unit&quot;:&quot;px&quot;,&quot;top&quot;:&quot;&quot;,&quot;right&quot;:&quot;&quot;,&quot;bottom&quot;:&quot;&quot;,&quot;left&quot;:&quot;&quot;,&quot;isLinked&quot;:true},&quot;element_pack_global_tooltip_border_radius_tablet&quot;:{&quot;unit&quot;:&quot;px&quot;,&quot;top&quot;:&quot;&quot;,&quot;right&quot;:&quot;&quot;,&quot;bottom&quot;:&quot;&quot;,&quot;left&quot;:&quot;&quot;,&quot;isLinked&quot;:true},&quot;element_pack_global_tooltip_border_radius_mobile&quot;:{&quot;unit&quot;:&quot;px&quot;,&quot;top&quot;:&quot;&quot;,&quot;right&quot;:&quot;&quot;,&quot;bottom&quot;:&quot;&quot;,&quot;left&quot;:&quot;&quot;,&quot;isLinked&quot;:true}}\" data-elementor-post-type=\"page\">\n\t\t\t\t\t\t<section class=\"elementor-section elementor-top-section elementor-element elementor-element-f384e62 elementor-section-boxed elementor-section-height-default elementor-section-height-default\" data-id=\"f384e62\" data-element_type=\"section\" data-e-type=\"section\" data-settings=\"{&quot;background_background&quot;:&quot;classic&quot;}\">\n\t\t\t\t\t\t<div class=\"elementor-container elementor-column-gap-default\">\n\t\t\t\t\t<div class=\"elementor-column elementor-col-100 elementor-top-column elementor-element elementor-element-9d96e6a\" data-id=\"9d96e6a\" data-element_type=\"column\" data-e-type=\"column\">\n\t\t\t<div class=\"elementor-widget-wrap elementor-element-populated\">\n\t\t\t\t\t\t<div class=\"elementor-element elementor-element-e0154a8 elementor-widget elementor-widget-heading\" data-id=\"e0154a8\" data-element_type=\"widget\" data-e-type=\"widget\" data-widget_type=\"heading.default\">\n\t\t\t\t<div class=\"elementor-widget-container\">\n\t\t\t\t\t<h1 class=\"elementor-heading-title elementor-size-default\">Impressum<\/h1>\t\t\t\t<\/div>\n\t\t\t\t<\/div>\n\t\t\t\t\t<\/div>\n\t\t<\/div>\n\t\t\t\t\t<\/div>\n\t\t<\/section>\n\t\t\t\t<section class=\"elementor-section elementor-top-section elementor-element elementor-element-5c7fa16 elementor-section-boxed elementor-section-height-default elementor-section-height-default\" data-id=\"5c7fa16\" data-element_type=\"section\" data-e-type=\"section\">\n\t\t\t\t\t\t<div class=\"elementor-container elementor-column-gap-default\">\n\t\t\t\t\t<div class=\"elementor-column elementor-col-100 elementor-top-column elementor-element elementor-element-a4421d1\" data-id=\"a4421d1\" data-element_type=\"column\" data-e-type=\"column\">\n\t\t\t<div class=\"elementor-widget-wrap elementor-element-populated\">\n\t\t\t\t\t\t<div class=\"elementor-element elementor-element-e8e1199 elementor-widget elementor-widget-text-editor\" data-id=\"e8e1199\" data-element_type=\"widget\" data-e-type=\"widget\" data-widget_type=\"text-editor.default\">\n\t\t\t\t<div class=\"elementor-widget-container\">\n\t\t\t\t\t\t\t\t\t<h2>Angaben gem\u00e4\u00df \u00a7 5 TMG<\/h2><p><b>Contakt<\/b><br \/>Joint dental practice Dr. Brigitte Berghammer and Dr. Herbert Berghammer<br \/>Hauptstra\u00dfe 31<br \/>82319 Starnberg<\/p><p>Telephone: +49 (0)8151 12658<br \/>Telefax: +49 (0)8151 744294<br \/>E-Mail: info@zahnarzt-berghammer.de<\/p><p><strong>Represented by:<\/strong><br \/>Dr. Brigitte Berghammer<br \/>Dr. Herbert Berghammer<\/p><p><strong>Legal job title<\/strong><\/p><p>Dentist<\/p><p><strong>Approbation and conferral of the professional title by the State of Bavaria, Federal Republic of Germany<\/strong><\/p><p><strong>Responsible medical association<\/strong><\/p><p>Bayrische Landeszahn\u00e4rztekammer<\/p><p>Fl\u00f6\u00dfergasse 1<\/p><p>81369 M\u00fcnchen<\/p><p><a href=\"http:\/\/www.blzk.de\/\" target=\"_blank\" rel=\"noopener\">www.blzk.de<\/a><\/p><p><strong>Responsible supervisory authority<\/strong><\/p><p>Kassenzahn\u00e4rztliche Vereinigung Bayerns<\/p><p>Fallstra\u00dfe 34<\/p><p>81369 M\u00fcnchen<\/p><p><a href=\"http:\/\/www.kzvb.de\/\" target=\"_blank\" rel=\"noopener\">www.kzvb.de<\/a><\/p><p><strong>Responsible district government<\/strong><\/p><p>Regierung von Oberbayern<\/p><p>Maximilianstra\u00dfe 39<\/p><p>80538 M\u00fcnchen<\/p><p><strong>Professional regulations<\/strong><\/p><p>Dentistry law\/ Zahnheilkundegesetz <a href=\"http:\/\/www.gesetze-im-internet.de\/zhg\/index.html\" target=\"_blank\" rel=\"noopener\">http:\/\/www.gesetze-im-internet.de\/zhg\/index.html<\/a><\/p><p>Health Professions Chamber Act\/Heilberufe-Kammergesetz <a href=\"https:\/\/www.gesetze-bayern.de\/Content\/Document\/BayHKaG?AspxAutoDetectCookieSupport=1\" target=\"_blank\" rel=\"noopener\">https:\/\/www.gesetze-bayern.de\/Content\/Document\/BayHKaG?AspxAutoDetectCookieSupport=1<\/a> oder <a href=\"https:\/\/www.blaek.de\/\" target=\"_blank\" rel=\"noopener\">https:\/\/www.blaek.de\/<\/a><\/p><p>Schedule of fees for dentists\/ Geb\u00fchrenordnung f\u00fcr Zahn\u00e4rzte <a href=\"http:\/\/www.gesetze-im-internet.de\/goz_1987\/\" target=\"_blank\" rel=\"noopener\">http:\/\/www.gesetze-im-internet.de\/goz_1987\/<\/a><\/p><p>Professional code for Bavarian dentists\/Berufsordnung f\u00fcr die Bayrischen Zahn\u00e4rzte <a href=\"https:\/\/www.blzk.de\/blzk\/site.nsf\/gfx\/berufsordnung.pdf\/$file\/berufsordnung.pdf\" target=\"_blank\" rel=\"noopener\">https:\/\/www.blzk.de\/blzk\/site.nsf\/gfx\/berufsordnung.pdf\/$file\/berufsordnung.pdf<\/a><\/p><p>Telemedia Act\/ Telemediengesetz <a href=\"http:\/\/www.gesetze-im-internet.de\/tmg\/index.html\" target=\"_blank\" rel=\"noopener\">http:\/\/www.gesetze-im-internet.de\/tmg\/index.html<\/a><\/p><p><strong>Schedule of fees for dentists<\/strong><\/p><p>GO\u00c4, GOZ<\/p><h2>EU dispute resolution<\/h2><p>The European Commission provides a platform for online dispute resolution: <a href=\"https:\/\/ec.europa.eu\/consumers\/odr\/\" target=\"_blank\" rel=\"noopener noreferrer\">https:\/\/ec.europa.eu\/consumers\/odr\/<\/a>.<\/p><h2>Consumer dispute resolution\/ universal arbitration board<\/h2><p>We are not willing or obliged to participate in dispute resolution proceedings before a consumer arbitration board.<\/p><h2>Liability for content<\/h2><p>As a service provider, we are responsible for our own content on these pages in accordance with Section 7 (1) TMG (German Telemedia Act) and general legislation. According to \u00a7\u00a7 8 to 10 TMG, however, we as a service provider are not obliged to monitor transmitted or stored third-party information or to investigate circumstances that indicate illegal activity. Obligations to remove or block the use of information in accordance with general legislation remain unaffected by this. However, liability in this respect is only possible from the time of knowledge of a specific infringement. As soon as we become aware of such infringements, we will remove this content immediately.<\/p><p>The content of this site has been compiled with the utmost care. The publishers assume no liability for the topicality, correctness, completeness or quality of the information provided. The publishers exclude any liability for damages caused by the use or non-use of the information provided or by the use of incorrect or incomplete information, unless there is evidence of wilful intent or gross negligence on the part of the publisher. The publishers expressly reserve the right to change, supplement or delete parts of the pages or the entire website without prior notice or to cease publication temporarily or permanently.<br \/>The content of this website is for introductory information purposes only. The information provided is not a substitute for personal advice and treatment by a doctor and is not intended for unauthorized diagnosis and treatment.<\/p><h2>Liability for Links<\/h2><p>Our website contains links to external third-party websites over whose content we have no influence. Therefore, we cannot accept any liability for this third-party content. The respective provider or operator of the pages is always responsible for the content of the linked pages. The linked pages were checked for possible legal violations at the time of linking. Illegal content was not recognizable at the time of linking. However, permanent monitoring of the content of the linked pages is not reasonable without concrete evidence of an infringement. If we become aware of any legal infringements, we will remove such links immediately.<\/p><div class=\"border-neutral-next-100 dark:border-neutral-next-700 absolute inset-x-0 top-0 border-b transition-colors TextTranslatorLayout-module--transparentBorderOnFocusInEditableOnNarrowView--83d53\">\u00a0<\/div><section class=\"flex h-full flex-col rounded-inherit transition-colors border relative mb-0 mobile:!border-transparent mobile:min-h-0 border-blue-next-500\" aria-labelledby=\"translation-target-heading\"><h3 id=\"translation-target-heading\" class=\"sr-only\">\u00dcbersetzter Text<\/h3><div class=\"rounded-inherit mobile:min-h-0 relative flex flex-1 flex-col\"><div dir=\"ltr\" lang=\"en-US\" tabindex=\"-1\" role=\"textbox\" contenteditable=\"false\" spellcheck=\"false\" aria-multiline=\"true\" aria-disabled=\"true\" data-content=\"true\" data-dl-no-input-translation=\"true\" aria-placeholder=\"\" aria-labelledby=\"translation-target-heading\" data-remove-rtf=\"false\" data-allow-linebreaks=\"false\"><p><span class=\"--l --r sentence_highlight\">In the case of direct or indirect references to external websites (\u201chyperlinks\u201d) that lie outside the responsibility of the publishers, a liability obligation would only come into force if the publishers were aware of the content and it would be technically possible and reasonable for them to prevent use in the event of illegal content. <\/span><span class=\"--l --r sentence_highlight\">The publishers hereby expressly declare that no illegal content was recognizable on the linked pages at the time the links were created. <\/span><span class=\"--l --r sentence_highlight\">The publishers have no influence whatsoever on the current and future design, content or authorship of the linked\/referenced pages. <\/span><span class=\"--l --r sentence_highlight\">Therefore, they hereby expressly distance themselves from all content of all linked pages that were changed after the link was created. <\/span><span class=\"--l --r sentence_highlight\">Liability for illegal, incorrect or incomplete content and in particular for damages resulting from the use or non-use of such information lies solely with the provider of the page to which reference is made, and not with the person who merely refers to the respective publication via links.<\/span><\/p><\/div><\/div><\/section><h2>Copyright<\/h2><p>The content and works created by the site operators on these pages are subject to German copyright law. The reproduction, editing, translation, distribution and any kind of utilization of the information or data, in particular of texts and images, outside the limits of copyright law require the written consent of the respective author or creator. Downloads and copies of this site are only permitted for private, non-commercial use. Insofar as the content on this site was not created by the operator, the copyrights of third parties are respected. In particular, third-party content is identified as such. Should you nevertheless become aware of a copyright infringement, please inform us accordingly. If we become aware of any infringements, we will remove such content immediately.<\/p><p>All content and images used are subject to copyright. The use and processing of the content requires the express written permission of the author. All images used are the intellectual property of Dr. Brigitte Berghammer and Dr. Herbert Berghammer.<br \/>The use of all data contained in the imprint by third parties is hereby prohibited.<\/p><h2>Sources for images and graphics used<\/h2><p>Stomatology illustrations. Dental implants and healthy teeth \u00a9 ONYXprj \u2013 <a href=\"https:\/\/stock.adobe.com\/de\/images\/stomatology-illustrations-dental-implants-and-healthy-teeth\/200058761\" target=\"_blank\" rel=\"noopener\">Adobe Stock<\/a><\/p><p>The concept of dental treatment. \u00a9 natali_mis \u2013 <a href=\"https:\/\/stock.adobe.com\/de\/images\/the-concept-of-dental-treatment\/281491324\" target=\"_blank\" rel=\"noopener\">Adobe Stock<\/a><\/p><p>Cartoon tooth visiting a dental office. Tooth sitting in a chair and a dentist woman. Treating teeth. \u00a9 Mariya \u2013 <a href=\"https:\/\/stock.adobe.com\/de\/images\/cartoon-tooth-visiting-a-dental-office-tooth-sitting-in-a-chair-and-a-dentist-woman-treating-teeth\/260113998\" target=\"_blank\" rel=\"noopener\">Adobe Stock<\/a><\/p><p>Healthy white smile close up. Beauty woman with perfect smile, lips and teeth. Beautiful Girl with perfect skin. Teeth whitening \u00a9 Ovcharenko \u2013 <a href=\"https:\/\/stock.adobe.com\/de\/images\/healthy-white-smile-close-up-beauty-woman-with-perfect-smile-lips-and-teeth-beautiful-girl-with-perfect-skin-teeth-whitening\/245603787\" target=\"_blank\" rel=\"noopener\">Adobe Stock<\/a><\/p><p>Panorama of Lake Starnberg with Roseninsel (rose island) and anchoring sailboats. Alps with Zugspitze at the horizon. \u00a9 Chris Redan \u2013 <a href=\"https:\/\/stock.adobe.com\/de\/images\/panorama-of-lake-starnberg-with-roseninsel-rose-island-and-anchoring-sailboats-alps-with-zugspitze-at-the-horizon\/361393319\" target=\"_blank\" rel=\"noopener\">Adobe Stock<\/a><\/p><p>Practice logo, practice photos, photos of the doctors, overview of services: prophylaxis, periodontology, bad breath, craniomandibular dysfunction \u00a9 Praxisgemeinschaft Dr. Brigitte Berghammer und Dr. Herbert Berghammer<\/p><p>Icons \u00a9 FontAwesome<\/p><p><a href=\"https:\/\/www.freepik.com\/photos\/people\" target=\"_blank\" rel=\"noopener\">People photo created by nensuria &#8211; www.freepik.com<\/a>, Link Website: Free Photo | Checkup dentist tool instrument young (freepik.com)<\/p><p>Medicine, dentistry and healthcare concept &#8211; close up of dentist with tooth color samples choosing shade for male patient teeth at dental clinic \u00a9 Syda Productions &#8211; <a href=\"https:\/\/stock.adobe.com\/de\/images\/medicine-dentistry-and-healthcare-concept-close-up-of-dentist-with-tooth-color-samples-choosing-shade-for-male-patient-teeth-at-dental-clinic\/205417194?asset_id=205417194\" target=\"_blank\" rel=\"noopener\">Adobe Stock<\/a><\/p><p>Male doctor or dentist working with patient tooth x-ray film, model and equipment used in the treatment and analysis teeth disease of dental and dentistry at workplace \u00a9 Freedomz \u2013 <a href=\"https:\/\/stock.adobe.com\/de\/images\/male-doctor-or-dentist-working-with-patient-tooth-x-ray-film-model-and-equipment-used-in-the-treatment-and-analysis-teeth-disease-of-dental-and-dentistry-at-workplace\/229514641?asset_id=229514641\" target=\"_blank\" rel=\"noopener\">Adobe Stock<\/a><\/p><p><a href=\"https:\/\/www.freepik.com\/photos\/people\" target=\"_blank\" rel=\"noopener\">People photo created by freepik &#8211; www.freepik.com<\/a>, Male dentist showing teeth model sitting in front of female patient<\/p><p><a href=\"https:\/\/de.freepik.com\/fotos\/technologie\" target=\"_blank\" rel=\"noopener\">Technologie Foto erstellt von prostooleh &#8211; de.freepik.com<\/a>, K\u00fcnstlicher kiefer im b\u00fcro des zahnarztes<\/p><p><a href=\"https:\/\/de.freepik.com\/fotos\/hintergrund\" target=\"_blank\" rel=\"noopener\">Hintergrund Foto erstellt von senivpetro &#8211; de.freepik.com<\/a>, R\u00f6ntgen der z\u00e4hne<\/p><p><a href=\"https:\/\/www.freepik.com\/photos\/people\" target=\"_blank\" rel=\"noopener\">People photo created by prostooleh &#8211; www.freepik.com<\/a>, Beautiful girl sitting in the dentist&#8217;s office<\/p><p><a href=\"https:\/\/www.istockphoto.com\/de\/foto\/sonnenuntergang-auf-starnberger-see-gm159302993-22715054\" target=\"_blank\" rel=\"noopener\">Sonnenuntergang auf Starnberger See<\/a> \u00a9 <a href=\"https:\/\/www.istockphoto.com\/de\/portfolio\/andreaskrappweis?mediatype=photography\" target=\"_blank\" rel=\"noopener\">andreaskrappweis<\/a><\/p><p>Instagram: Practice logo, photos of the doctors <span style=\"color: var( --e-global-color-text ); font-size: 1rem;\">and photos for articles\/postings<\/span> <span style=\"color: var( --e-global-color-text ); font-size: 1rem;\">\u00a9 Praxisgemeinschaft Dr. Brigitte Berghammer und Dr. Herbert Berghammer, Designs of articles on services, office hours and basic information created with Canva <\/span><\/p><p><span style=\"color: var( --e-global-color-text ); font-size: 1rem;\">Facebook: Practice logo, practice photos and photos for articles\/postings <\/span><span style=\"color: var( --e-global-color-text ); font-size: 1rem;\">\u00a9 Praxisgemeinschaft Dr. Brigitte Berghammer und Dr. Herbert Berghammer<\/span><\/p>\t\t\t\t\t\t\t\t<\/div>\n\t\t\t\t<\/div>\n\t\t\t\t<div class=\"elementor-element elementor-element-80f0085 elementor-widget elementor-widget-html\" data-id=\"80f0085\" data-element_type=\"widget\" data-e-type=\"widget\" data-widget_type=\"html.default\">\n\t\t\t\t<div class=\"elementor-widget-container\">\n\t\t\t\t\t<style>.webwerkstatt-logo { position: relative; overflow: hidden; display: inline-block;}\n.webwerkstatt-logo::before {position: absolute;content: \"\";top: 0;right: 0;bottom: 0;left: 0; transition: opacity 0.8s linear; background-image: linear-gradient(to right,#d86985,#db0038); z-index: -1; opacity:0 }\n.webwerkstatt-logo:hover::before {opacity: 1;}<\/style>\n<h2>Technik:<\/h2>\n<a class=\"webwerkstatt-logo\" href=\"https:\/\/www.stauss.de\" target=\"_blank\" rel=\"noopener\"><img fetchpriority=\"high\" decoding=\"async\" src=\"https:\/\/www.stauss.de\/email\/webwerkstatt_stauss.png\" width=\"450\" height=\"154\" \/><\/a>\t\t\t\t<\/div>\n\t\t\t\t<\/div>\n\t\t\t\t\t<\/div>\n\t\t<\/div>\n\t\t\t\t\t<\/div>\n\t\t<\/section>\n\t\t\t\t<\/div>\n\t\t","protected":false},"excerpt":{"rendered":"<p>Impressum Angaben gem\u00e4\u00df \u00a7 5 TMG ContaktJoint dental practice Dr. Brigitte Berghammer and Dr. Herbert BerghammerHauptstra\u00dfe 3182319 Starnberg Telephone: +49 (0)8151 12658Telefax: +49 (0)8151 744294E-Mail: info@zahnarzt-berghammer.de Represented by:Dr. Brigitte BerghammerDr. Herbert Berghammer Legal job title Dentist Approbation and conferral of the professional title by the State of Bavaria, Federal Republic of Germany Responsible medical association [&hellip;]<\/p>\n","protected":false},"author":1,"featured_media":0,"parent":0,"menu_order":0,"comment_status":"closed","ping_status":"closed","template":"","meta":{"footnotes":""},"class_list":["post-1333","page","type-page","status-publish","hentry"],"_links":{"self":[{"href":"https:\/\/zahnarzt-berghammer.de\/en\/wp-json\/wp\/v2\/pages\/1333","targetHints":{"allow":["GET"]}}],"collection":[{"href":"https:\/\/zahnarzt-berghammer.de\/en\/wp-json\/wp\/v2\/pages"}],"about":[{"href":"https:\/\/zahnarzt-berghammer.de\/en\/wp-json\/wp\/v2\/types\/page"}],"author":[{"embeddable":true,"href":"https:\/\/zahnarzt-berghammer.de\/en\/wp-json\/wp\/v2\/users\/1"}],"replies":[{"embeddable":true,"href":"https:\/\/zahnarzt-berghammer.de\/en\/wp-json\/wp\/v2\/comments?post=1333"}],"version-history":[{"count":3,"href":"https:\/\/zahnarzt-berghammer.de\/en\/wp-json\/wp\/v2\/pages\/1333\/revisions"}],"predecessor-version":[{"id":1451,"href":"https:\/\/zahnarzt-berghammer.de\/en\/wp-json\/wp\/v2\/pages\/1333\/revisions\/1451"}],"wp:attachment":[{"href":"https:\/\/zahnarzt-berghammer.de\/en\/wp-json\/wp\/v2\/media?parent=1333"}],"curies":[{"name":"wp","href":"https:\/\/api.w.org\/{rel}","templated":true}]}}